{"id":2022,"date":"2014-11-26T02:20:41","date_gmt":"2014-11-26T00:20:41","guid":{"rendered":"http:\/\/schmitt-enertec.com\/?page_id=2022"},"modified":"2018-09-21T17:47:15","modified_gmt":"2018-09-21T16:47:15","slug":"service-2","status":"publish","type":"page","link":"https:\/\/www.schmitt-enertec.com\/de\/service\/service-2\/","title":{"rendered":"Service"},"content":{"rendered":"<section id=\"\"  class=\"light\"> <div class=\"container\">  <div class=\"row\"><div class=\"col-md-12  text-default\" ><div class=\"row horizontal_teaser\"><div class=\"col-sm-12 col-md-6 horizontal_teaser_text_left\"><h3>Service &amp; Wartung<\/h3><p>Als Hersteller sind wir die direkten Ansprechpartner bei allen technischen Fragen f\u00fcr unsere Kunden. Durch den Einsatz von autorisierten R Schmitt Enertec Ersatzteilen f\u00fcr den gesamten Service- und Wartungsprozess garantieren wir hohe Qualit\u00e4t und beste Ergebnisse f\u00fcr unsere Kunden. Wir bieten eine breite Palette von Service-Paketen vom Full-Service- bis zum Basisvertrag an. Das Leistungspaket umfasst s\u00e4mtliche Baugruppen und Betriebsstoffe f\u00fcr \u00dcberholungen, Schmier\u00f6lwechsel und Reparaturen.<\/p>\n<\/div><div class=\"col-sm-12 col-md-6 horizontal_teaser_media_right\"><figure style=\"background-image:url(https:\/\/www.schmitt-enertec.com\/wp-content\/uploads\/2014\/08\/p2.jpg)\"> <\/figure><\/div><\/div><\/div>  <\/div>  <\/div><\/section>\n","protected":false},"excerpt":{"rendered":"Service &amp; WartungAls Hersteller sind wir die direkten Ansprechpartner bei allen technischen Fragen f\u00fcr unsere Kunden. Durch den Einsatz von autorisierten R Schmitt Enertec Ersatzteilen f\u00fcr den gesamten Service- und Wartungsprozess garantieren wir hohe Qualit\u00e4t und beste Ergebnisse f\u00fcr unsere Kunden. Wir bieten eine breite Palette von Service-Paketen vom Full-Service- bis zum Basisvertrag an. Das [...]","protected":false},"author":1,"featured_media":0,"parent":1955,"menu_order":0,"comment_status":"closed","ping_status":"closed","template":"","meta":{"footnotes":""},"yst_prominent_words":[721,720,716,715,749,140,115,717,159,139],"_links":{"self":[{"href":"https:\/\/www.schmitt-enertec.com\/de\/wp-json\/wp\/v2\/pages\/2022"}],"collection":[{"href":"https:\/\/www.schmitt-enertec.com\/de\/wp-json\/wp\/v2\/pages"}],"about":[{"href":"https:\/\/www.schmitt-enertec.com\/de\/wp-json\/wp\/v2\/types\/page"}],"author":[{"embeddable":true,"href":"https:\/\/www.schmitt-enertec.com\/de\/wp-json\/wp\/v2\/users\/1"}],"replies":[{"embeddable":true,"href":"https:\/\/www.schmitt-enertec.com\/de\/wp-json\/wp\/v2\/comments?post=2022"}],"version-history":[{"count":1,"href":"https:\/\/www.schmitt-enertec.com\/de\/wp-json\/wp\/v2\/pages\/2022\/revisions"}],"predecessor-version":[{"id":7569,"href":"https:\/\/www.schmitt-enertec.com\/de\/wp-json\/wp\/v2\/pages\/2022\/revisions\/7569"}],"up":[{"embeddable":true,"href":"https:\/\/www.schmitt-enertec.com\/de\/wp-json\/wp\/v2\/pages\/1955"}],"wp:attachment":[{"href":"https:\/\/www.schmitt-enertec.com\/de\/wp-json\/wp\/v2\/media?parent=2022"}],"wp:term":[{"taxonomy":"yst_prominent_words","embeddable":true,"href":"https:\/\/www.schmitt-enertec.com\/de\/wp-json\/wp\/v2\/yst_prominent_words?post=2022"}],"curies":[{"name":"wp","href":"https:\/\/api.w.org\/{rel}","templated":true}]}}