{"id":2041,"date":"2014-11-26T02:24:10","date_gmt":"2014-11-26T00:24:10","guid":{"rendered":"http:\/\/schmitt-enertec.com\/?page_id=2041"},"modified":"2025-09-16T09:46:12","modified_gmt":"2025-09-16T08:46:12","slug":"profil","status":"publish","type":"page","link":"https:\/\/www.schmitt-enertec.com\/de\/profil\/","title":{"rendered":"Profil"},"content":{"rendered":"<section id=\"\"  class=\"light\"> <div class=\"container\">  <div class=\"row\"><div class=\"col-md-12  text-default\" ><div class=\"row horizontal_teaser\"><div class=\"col-sm-12 col-md-6 horizontal_teaser_text_left\"><h3>\u00dcber Uns<\/h3><p>Die R Schmitt Enertec GmbH, kurz RSE, ist einer von weltweit nur rund einem Dutzend Hersteller von Gasmotoren. Forschung, Entwicklung und Produktion befinden sich in unserem Werk in Mendig.<\/p>\n<p>Was hei\u00dft das? Baut RSE wirklich Motoren?<br \/>\nJa. Unser Herzblut steckt in der Entwicklung und der Fertigung der Motoren, die wir in unseren Blockheizkraftwerken (BHKW) und Stromerzeugern einbauen. Ausgehend von zugelieferten Rohgussteilen und deren Bearbeitung bis hin zur Montage und abschlie\u00dfenden Pr\u00fcflauf, fertigen wir diese Motoren in unserem Werk in Mendig. Nur so k\u00f6nnen wir unsere ENERGIN Gasmotorenkraftwerke flexibel und gem\u00e4\u00df den Anforderungen unserer Kunden aus aller Welt gestalten.<\/p>\n<p>Verbrennungsmotoren waren schon in den Anf\u00e4ngen des Unternehmens im Jahr 1976 das zentrale Thema der RSE. Damals wurden station\u00e4re und mobile Diesel- und Otto-Motoren verschiedenster Hersteller von uns repariert, gewartet, \u00fcberholt oder auch optimiert. Bereits 1981 haben wir die ersten Blockheizkraftwerke in Betrieb genommen und In den folgenden Jahren BHKW mit Gasmotoren von verschiedenen Herstellern zusammengebaut (\u201egepackaged\u201c).<\/p>\n<p>Die Erfahrungen haben uns fr\u00fch gezeigt, dass man viele Dinge in Eigenregie anders, effizienter und flexibler tun kann. Bereits 1996 begannen wir mit der Entwicklung und Herstellung eigener Gasmotoren. Ziel dieser Entwicklung war es, individueller auf die Anforderungen der M\u00e4rkte und Kunden eingehen zu k\u00f6nnen. Insbesondere auch f\u00fcr den Anlagenservice wollen wir der direkte Ansprechpartner in allen Aspekten sein Heute fertigen wir bereits die dritte Generation unserer ENERGIN Motorenbaureihe die aus V &#8211; Motoren mit 6, 8 und 12 Zylindern besteht und nunmehr ausschlie\u00dflich mit Turboladern und 4-Ventil-Zylinderk\u00f6pfen ausgestattet werden. Unser Fokus liegt dabei auf dem Erreichen der h\u00f6chsten elektrischen Wirkungsgrade in unserer Leistungsklasse.<\/p>\n<p><strong>\u00a0\u00a0<img loading=\"lazy\" decoding=\"async\" class=\" wp-image-3600 alignnone\" src=\"http:\/\/schmitt-enertec.com\/wp-content\/uploads\/2015\/01\/RSE_Download_05-743x1024.png\" alt=\"RSE_Download_05\" width=\"23\" height=\"32\" srcset=\"https:\/\/www.schmitt-enertec.com\/wp-content\/uploads\/2015\/01\/RSE_Download_05-743x1024.png 743w, https:\/\/www.schmitt-enertec.com\/wp-content\/uploads\/2015\/01\/RSE_Download_05-218x300.png 218w, https:\/\/www.schmitt-enertec.com\/wp-content\/uploads\/2015\/01\/RSE_Download_05-768x1059.png 768w, https:\/\/www.schmitt-enertec.com\/wp-content\/uploads\/2015\/01\/RSE_Download_05.png 1140w\" sizes=\"(max-width: 23px) 100vw, 23px\" \/>\u00a0\u00a0<a href=\"https:\/\/www.schmitt-enertec.com\/wp-content\/uploads\/2025\/09\/09-008-Qualitaetspollitik_DE-unterschrieben-02092025-SEN-REV6.pdf\" target=\"_blank\" rel=\"noopener noreferrer\">Unsere Qualit\u00e4tspolitik<\/a>\u00a0<\/strong><\/p>\n<\/div><div class=\"col-sm-12 col-md-6 horizontal_teaser_media_right\"><figure style=\"background-image:url(https:\/\/www.schmitt-enertec.com\/wp-content\/uploads\/2014\/11\/R-SCHMITT-ENERTEC_Produktionshallen_Tag02_2014_2130_final.jpeg)\"> <\/figure><\/div><\/div><\/div>  <\/div>  <\/div><\/section><section id=\"\"  class=\"dark_section\">  <div class=\"container triangles-of-section\">    <div class=\"triangle-up-left\"><\/div>    <div class=\"square-left\"><\/div>    <div class=\"triangle-up-right\"><\/div>    <div class=\"square-right\"><\/div>  <\/div> <div class=\"container\">  <div class=\"row\"><h2 class=\"section_header fancy centered\">FULL SERVICE<small>Alle Vorteile der BHKW-Technik aus einer Hand<\/small><\/h2><div class=\"col-md-4  text-default\" ><div class=\"service_teaser vertical\"><div class=\"service_photo\"><figure style=\"background-image:url(https:\/\/www.schmitt-enertec.com\/wp-content\/uploads\/2014\/11\/R-SCHMITT-ENERTEC_Produktionshallen_Tag02_2014_2085_final.jpeg)\"><\/figure><\/div><div class=\"service_details\"><h2>Design<\/h2><p>Die komplette Gestaltung und Performance f\u00fcr unsere Gasmotoren, Generatoren und BHKW wird im Hause R Schmitt Enertec getan. Diese Prozesse umfassen mechanische Konstruktion, Elektroplanung und Softwareentwicklung. Durch die Pr\u00e4senz in der Kraftwerksindustrie w\u00e4hrend den letzten 40 Jahren hat sich R Schmitt Enertec mit entscheidendem Wissen \u00fcber die Branche und technisches Know-how ausgestattet, das uns hilft, die wettbewerbsf\u00e4higsten Produkte zu liefern.<\/p>\n<\/div><\/div><\/div><div class=\"col-md-4  text-default\" ><div class=\"service_teaser vertical\"><div class=\"service_photo\"><figure style=\"background-image:url(https:\/\/www.schmitt-enertec.com\/wp-content\/uploads\/2014\/11\/R-SCHMITT-ENERTEC_Produktionshallen_Tag02_2014_1790_final.jpeg)\"><\/figure><\/div><div class=\"service_details\"><h2>Produktion<\/h2><p>Im Gegensatz zu anderen Herstellern verfolgen wir schon seit Jahren die Philosophie, so viel wie m\u00f6glich in eigener Fertigung herzustellen. Dadurch k\u00f6nnen wir kurzfristig und flexibel auf Marktanforderungen reagieren und alle Prozesse und Technologien unter eigener Kontrolle behalten.<\/p>\n<\/div><\/div><\/div><div class=\"col-md-4  text-default\" ><div class=\"service_teaser vertical\"><div class=\"service_photo\"><figure style=\"background-image:url(https:\/\/www.schmitt-enertec.com\/wp-content\/uploads\/2014\/11\/R-SCHMITT-ENERTEC_2014__H4O9700_final.jpeg)\"><\/figure><\/div><div class=\"service_details\"><h2>Service<\/h2><p>Als Hersteller sind wir die direkten Ansprechpartner bei allen technischen Fragen f\u00fcr unsere Kunden. Durch den Einsatz von autorisierten R Schmitt Enertec Ersatzteilen f\u00fcr den gesamten Service- und Wartungsprozess garantieren wir hohe Qualit\u00e4t und beste Ergebnisse f\u00fcr unsere Kunden. Wir bieten eine breite Palette von Service-Paketen vom Full-Service- bis zum Basisvertrag an. Das Leistungspaket umfasst s\u00e4mtliche Baugruppen und Betriebsstoffen f\u00fcr \u00dcberholungen, Schmier\u00f6lwechsel und Reparaturen.<\/p>\n<\/div><\/div><\/div>  <\/div>  <\/div><\/section><section id=\"\"  class=\"dark_section following_dark parallax\" style=\"background-image:url(https:\/\/www.schmitt-enertec.com\/wp-content\/uploads\/2014\/11\/R-SCHMITT-ENERTEC_Produktionshallen_Tag02_2014_1895_final.jpg); background-size:cover;\"> <div class=\"container\">  <div class=\"row\"><div class=\"col-md-12  text-default\" ><div class=\"call_to_action\"><img decoding=\"async\" alt=\"responsive\" src=\"https:\/\/www.schmitt-enertec.com\/wp-content\/uploads\/2014\/11\/rse-logo-Kopie-e1417042037323.png\"><h3><strong>R SCHMITT ENERTEC<\/strong><\/h3><h4>Ihr erfahrener Partner f\u00fcr kompakte Energiel\u00f6sungen.<\/h4><\/div><\/div>  <\/div>  <\/div><\/section>\n","protected":false},"excerpt":{"rendered":"\u00dcber UnsDie R Schmitt Enertec GmbH, kurz RSE, ist einer von weltweit nur rund einem Dutzend Hersteller von Gasmotoren. Forschung, Entwicklung und Produktion befinden sich in unserem Werk in Mendig. Was hei\u00dft das? Baut RSE wirklich Motoren? Ja. Unser Herzblut steckt in der Entwicklung und der Fertigung der Motoren, die wir in unseren Blockheizkraftwerken (BHKW) [...]","protected":false},"author":1,"featured_media":0,"parent":0,"menu_order":0,"comment_status":"closed","ping_status":"closed","template":"","meta":{"footnotes":""},"yst_prominent_words":[144,739,733,138,734,740,718,716,715,737,741,151,90,152,717,738,732,735,139,736],"_links":{"self":[{"href":"https:\/\/www.schmitt-enertec.com\/de\/wp-json\/wp\/v2\/pages\/2041"}],"collection":[{"href":"https:\/\/www.schmitt-enertec.com\/de\/wp-json\/wp\/v2\/pages"}],"about":[{"href":"https:\/\/www.schmitt-enertec.com\/de\/wp-json\/wp\/v2\/types\/page"}],"author":[{"embeddable":true,"href":"https:\/\/www.schmitt-enertec.com\/de\/wp-json\/wp\/v2\/users\/1"}],"replies":[{"embeddable":true,"href":"https:\/\/www.schmitt-enertec.com\/de\/wp-json\/wp\/v2\/comments?post=2041"}],"version-history":[{"count":7,"href":"https:\/\/www.schmitt-enertec.com\/de\/wp-json\/wp\/v2\/pages\/2041\/revisions"}],"predecessor-version":[{"id":8701,"href":"https:\/\/www.schmitt-enertec.com\/de\/wp-json\/wp\/v2\/pages\/2041\/revisions\/8701"}],"wp:attachment":[{"href":"https:\/\/www.schmitt-enertec.com\/de\/wp-json\/wp\/v2\/media?parent=2041"}],"wp:term":[{"taxonomy":"yst_prominent_words","embeddable":true,"href":"https:\/\/www.schmitt-enertec.com\/de\/wp-json\/wp\/v2\/yst_prominent_words?post=2041"}],"curies":[{"name":"wp","href":"https:\/\/api.w.org\/{rel}","templated":true}]}}