{"id":2678,"date":"2015-02-03T23:37:06","date_gmt":"2015-02-03T22:37:06","guid":{"rendered":"http:\/\/schmitt-enertec.com\/?page_id=2678"},"modified":"2018-10-08T10:34:43","modified_gmt":"2018-10-08T09:34:43","slug":"energin-gen-stromerzeuger","status":"publish","type":"page","link":"https:\/\/www.schmitt-enertec.com\/de\/produkte\/energin-gen-stromerzeuger\/","title":{"rendered":"ENERGIN\u00ae GEN"},"content":{"rendered":"<section id=\"\"  class=\"light\"> <div class=\"container\">  <div class=\"row\"><div class=\"col-md-12  text-default\" ><div class=\"row horizontal_teaser\"><div class=\"col-sm-12 col-md-6 horizontal_teaser_text_left\"><h3>ENERGIN\u00ae GEN<\/h3><p>ENERGIN\u00ae GEN Aggregate sind gasbetriebene Stromerzeuger f\u00fcr den Inselbetrieb oder optional f\u00fcr den Parallelbetrieb mit dem \u00f6ffentlichen Netz oder anderen Generatoren.<\/p>\n<p>Die wesentlichen Merkmale sind:<\/p>\n<ul type=\"square\">\n<li>Elektrische Leistung\u00a0115 &#8211; 500 kW<\/li>\n<li>Bis zu\u00a042,7\u00a0%\u00a0elektr. Wirkungsgrad<\/li>\n<li>Externer K\u00fchler<\/li>\n<li>Einfach zu installieren<\/li>\n<li>Brennstoffvarianten: Erdgas, Biogas, Holzgas,\u00a0Sondergase<\/li>\n<\/ul>\n<hr \/>\n<p><strong>\u00a0 \u00a0 \u00a0 <img loading=\"lazy\" decoding=\"async\" class=\" wp-image-3600 alignnone\" src=\"http:\/\/schmitt-enertec.com\/wp-content\/uploads\/2015\/01\/RSE_Download_05-743x1024.png\" alt=\"RSE_Download_05\" width=\"23\" height=\"32\" srcset=\"https:\/\/www.schmitt-enertec.com\/wp-content\/uploads\/2015\/01\/RSE_Download_05-743x1024.png 743w, https:\/\/www.schmitt-enertec.com\/wp-content\/uploads\/2015\/01\/RSE_Download_05-218x300.png 218w, https:\/\/www.schmitt-enertec.com\/wp-content\/uploads\/2015\/01\/RSE_Download_05-768x1059.png 768w, https:\/\/www.schmitt-enertec.com\/wp-content\/uploads\/2015\/01\/RSE_Download_05.png 1140w\" sizes=\"(max-width: 23px) 100vw, 23px\" \/>\u00a0 \u00a0<\/strong><strong>Download Flyer:<\/strong>\u00a0<a href=\"\/wp-content\/uploads\/2017\/09\/RSE_FLY_GEN_2017-08_V04_DE_WEB.pdf\" target=\"_blank\" rel=\"noopener noreferrer\">ENERGIN\u00ae GEN\u00a0| 50 Hz<\/a><\/p>\n<p><strong>\u00a0 \u00a0 \u00a0 <img loading=\"lazy\" decoding=\"async\" class=\" wp-image-3600 alignnone\" src=\"http:\/\/schmitt-enertec.com\/wp-content\/uploads\/2015\/01\/RSE_Download_05-743x1024.png\" alt=\"RSE_Download_05\" width=\"23\" height=\"32\" srcset=\"https:\/\/www.schmitt-enertec.com\/wp-content\/uploads\/2015\/01\/RSE_Download_05-743x1024.png 743w, https:\/\/www.schmitt-enertec.com\/wp-content\/uploads\/2015\/01\/RSE_Download_05-218x300.png 218w, https:\/\/www.schmitt-enertec.com\/wp-content\/uploads\/2015\/01\/RSE_Download_05-768x1059.png 768w, https:\/\/www.schmitt-enertec.com\/wp-content\/uploads\/2015\/01\/RSE_Download_05.png 1140w\" sizes=\"(max-width: 23px) 100vw, 23px\" \/>\u00a0 \u00a0Download Flyer:<\/strong>\u00a0<a href=\"\/wp-content\/uploads\/2017\/09\/RSE_FLY_GEN-60-Hz_2017-08_V04_DE_WEB-1.pdf\" target=\"_blank\" rel=\"noopener noreferrer\">ENERGIN\u00ae GEN\u00a0| 60 Hz<\/a><\/p>\n<\/div><div class=\"col-sm-12 col-md-6 horizontal_teaser_media_right\"><figure style=\"background-image:url(https:\/\/www.schmitt-enertec.com\/wp-content\/uploads\/2015\/01\/R-SCHMITT-ENERTEC_Produktionshallen_2014_1682_final.jpg)\"> <\/figure><\/div><\/div><\/div>  <\/div>  <\/div><\/section><section id=\"\"  class=\"light parallax\"> <div class=\"container\">  <div class=\"row\"><div class=\"col-md-12  text-default\" >[vc_column_text]<span style=\"color: #1d70b7;\"><strong>50 Hz<\/strong><\/span><\/p>\n<p><span style=\"color: #1d70b7;\"><strong>Erdgas, 400 V, 50 Hz<\/strong><\/span><\/p>\n\n<table id=\"tablepress-35\" class=\"tablepress tablepress-id-35\">\n<thead>\n<tr class=\"row-1\">\n\t<th class=\"column-1\">ENERGIN\u00ae Typ<\/th><th class=\"column-2\">Motortyp<\/th><th class=\"column-3\">Elektrische Leistung \/ kW<\/th><th class=\"column-4\">Elektrischer Wirkungsgrad \/ %<\/th>\n<\/tr>\n<\/thead>\n<tbody class=\"row-striping row-hover\">\n<tr class=\"row-2\">\n\t<td class=\"column-1\">M06 GEN G140<\/td><td class=\"column-2\">M06-GT0D41<\/td><td class=\"column-3\">140<\/td><td class=\"column-4\">38,6<\/td>\n<\/tr>\n<tr class=\"row-3\">\n\t<td class=\"column-1\">M06 GEN G200<\/td><td class=\"column-2\">M06-GTID41<\/td><td class=\"column-3\">200<\/td><td class=\"column-4\">41,0<\/td>\n<\/tr>\n<tr class=\"row-4\">\n\t<td class=\"column-1\">M06 GEN G250<\/td><td class=\"column-2\">M06-GT2D41<\/td><td class=\"column-3\">250<\/td><td class=\"column-4\">41,8<\/td>\n<\/tr>\n<tr class=\"row-5\">\n\t<td class=\"column-1\">M08 GEN G260<\/td><td class=\"column-2\">M08-GTID41<\/td><td class=\"column-3\">260<\/td><td class=\"column-4\">41,0<\/td>\n<\/tr>\n<tr class=\"row-6\">\n\t<td class=\"column-1\">M08 GEN G333<\/td><td class=\"column-2\">M08-GT2D41<\/td><td class=\"column-3\">333<\/td><td class=\"column-4\">41,9<\/td>\n<\/tr>\n<tr class=\"row-7\">\n\t<td class=\"column-1\">M12 GEN G400<\/td><td class=\"column-2\">M12-GTID41<\/td><td class=\"column-3\">400<\/td><td class=\"column-4\">41,1<\/td>\n<\/tr>\n<tr class=\"row-8\">\n\t<td class=\"column-1\">M12 GEN G500<\/td><td class=\"column-2\">M12-GT2D41<\/td><td class=\"column-3\">500<\/td><td class=\"column-4\">42,1<\/td>\n<\/tr>\n<\/tbody>\n<\/table>\n\n<p><span style=\"color: #1d70b7;\"><strong>Biogas, 400 V, 50 Hz<\/strong><\/span><\/p>\n\n<table id=\"tablepress-59\" class=\"tablepress tablepress-id-59\">\n<thead>\n<tr class=\"row-1\">\n\t<th class=\"column-1\">ENERGIN\u00ae Typ<\/th><th class=\"column-2\">Motortyp<\/th><th class=\"column-3\">Elektrische Leistung \/ kW<\/th><th class=\"column-4\">Elektrischer Wirkungsgrad \/ %<\/th>\n<\/tr>\n<\/thead>\n<tbody class=\"row-striping row-hover\">\n<tr class=\"row-2\">\n\t<td class=\"column-1\">M06 GEN B140<\/td><td class=\"column-2\">M06-BT0D41<\/td><td class=\"column-3\">140<\/td><td class=\"column-4\">39,3<\/td>\n<\/tr>\n<tr class=\"row-3\">\n\t<td class=\"column-1\">M06 GEN B200<\/td><td class=\"column-2\">M06-BTID41<\/td><td class=\"column-3\">200<\/td><td class=\"column-4\">41,8<\/td>\n<\/tr>\n<tr class=\"row-4\">\n\t<td class=\"column-1\">M06 GEN B250<\/td><td class=\"column-2\">M06-BT2D41<\/td><td class=\"column-3\">250<\/td><td class=\"column-4\">42,6<\/td>\n<\/tr>\n<tr class=\"row-5\">\n\t<td class=\"column-1\">M08 GEN B260<\/td><td class=\"column-2\">M08-BTID41<\/td><td class=\"column-3\">260<\/td><td class=\"column-4\">41,7<\/td>\n<\/tr>\n<tr class=\"row-6\">\n\t<td class=\"column-1\">M08 GEN B333<\/td><td class=\"column-2\">M08-BT2D41<\/td><td class=\"column-3\">333<\/td><td class=\"column-4\">42,6<\/td>\n<\/tr>\n<tr class=\"row-7\">\n\t<td class=\"column-1\">M12 GEN B400<\/td><td class=\"column-2\">M12-BTID41<\/td><td class=\"column-3\">400<\/td><td class=\"column-4\">41,9<\/td>\n<\/tr>\n<tr class=\"row-8\">\n\t<td class=\"column-1\">M12 GEN B500<\/td><td class=\"column-2\">M12-BT2D41<\/td><td class=\"column-3\">500<\/td><td class=\"column-4\">42,7<\/td>\n<\/tr>\n<\/tbody>\n<\/table>\n\n<p><span style=\"color: #1d70b7;\"><strong>Fl\u00fcssgas, 400 V, 50 Hz<\/strong><\/span><\/p>\n\n<table id=\"tablepress-76\" class=\"tablepress tablepress-id-76\">\n<thead>\n<tr class=\"row-1\">\n\t<th class=\"column-1\">ENERGIN\u00ae Typ<\/th><th class=\"column-2\">Motortyp<\/th><th class=\"column-3\">Elektrische Leistung \/ kW<\/th><th class=\"column-4\">Elektrischer Wirkungsgrad \/ %<\/th>\n<\/tr>\n<\/thead>\n<tbody class=\"row-striping row-hover\">\n<tr class=\"row-2\">\n\t<td class=\"column-1\">M06 GEN P115<\/td><td class=\"column-2\">M06-PT0D41<\/td><td class=\"column-3\">115<\/td><td class=\"column-4\">30,7<\/td>\n<\/tr>\n<tr class=\"row-3\">\n\t<td class=\"column-1\">M06 GEN P173<\/td><td class=\"column-2\">M06-PTID41<\/td><td class=\"column-3\">173<\/td><td class=\"column-4\">34,9<\/td>\n<\/tr>\n<tr class=\"row-4\">\n\t<td class=\"column-1\">M06 GEN P205<\/td><td class=\"column-2\">M06-PT2D41<\/td><td class=\"column-3\">205<\/td><td class=\"column-4\">35,8<\/td>\n<\/tr>\n<tr class=\"row-5\">\n\t<td class=\"column-1\">M08 GEN P233<\/td><td class=\"column-2\">M08-PTID41<\/td><td class=\"column-3\">233<\/td><td class=\"column-4\">35,0<\/td>\n<\/tr>\n<tr class=\"row-6\">\n\t<td class=\"column-1\">M08 GEN P260<\/td><td class=\"column-2\">M08-PT2D41<\/td><td class=\"column-3\">260<\/td><td class=\"column-4\">35,9<\/td>\n<\/tr>\n<tr class=\"row-7\">\n\t<td class=\"column-1\">M12 GEN P350<\/td><td class=\"column-2\">M12-PTID41<\/td><td class=\"column-3\">350<\/td><td class=\"column-4\">35,1<\/td>\n<\/tr>\n<tr class=\"row-8\">\n\t<td class=\"column-1\">M12 GEN P450<\/td><td class=\"column-2\">M12-PT2D41<\/td><td class=\"column-3\">450<\/td><td class=\"column-4\">36,0<\/td>\n<\/tr>\n<\/tbody>\n<\/table>\n\n<p><span style=\"color: #1d70b7;\"><strong>Holzgas, 400 V, 50 Hz<\/strong><\/span><\/p>\n\n<table id=\"tablepress-23\" class=\"tablepress tablepress-id-23\">\n<thead>\n<tr class=\"row-1\">\n\t<th class=\"column-1\">ENERGIN\u00ae Typ<\/th><th class=\"column-2\">Motortyp<\/th><th class=\"column-3\">Elektrische Leistung \/ kW<\/th><th class=\"column-4\">Elektrischer Wirkungsgrad \/ %<\/th>\n<\/tr>\n<\/thead>\n<tbody class=\"row-striping row-hover\">\n<tr class=\"row-2\">\n\t<td class=\"column-1\">M06 GEN H122<\/td><td class=\"column-2\">M06-HT2D41<\/td><td class=\"column-3\">122<\/td><td class=\"column-4\">34,8<\/td>\n<\/tr>\n<tr class=\"row-3\">\n\t<td class=\"column-1\">M08 GEN H166<\/td><td class=\"column-2\">M08-HT2D41<\/td><td class=\"column-3\">166<\/td><td class=\"column-4\">34,9<\/td>\n<\/tr>\n<tr class=\"row-4\">\n\t<td class=\"column-1\">M12 GEN H250<\/td><td class=\"column-2\">M12-HT2D41<\/td><td class=\"column-3\">250<\/td><td class=\"column-4\">35,0<\/td>\n<\/tr>\n<\/tbody>\n<\/table>\n\n<p>&nbsp;<\/p>\n<p><span style=\"color: #1d70b7;\"><strong>60 Hz<\/strong><\/span><\/p>\n<p><span style=\"color: #1d70b7;\"><strong>Erdgas, 480 V, 60 Hz<\/strong><\/span><\/p>\n\n<table id=\"tablepress-40\" class=\"tablepress tablepress-id-40\">\n<thead>\n<tr class=\"row-1\">\n\t<th class=\"column-1\">ENERGIN\u00ae Typ<\/th><th class=\"column-2\">Motortyp<\/th><th class=\"column-3\">Elektrische Leistung \/ kW<\/th><th class=\"column-4\">Elektrischer Wirkungsgrad \/ %<\/th>\n<\/tr>\n<\/thead>\n<tbody class=\"row-striping row-hover\">\n<tr class=\"row-2\">\n\t<td class=\"column-1\">GEN G150\/60Hz<\/td><td class=\"column-2\">M06-GT0D41<\/td><td class=\"column-3\">150<\/td><td class=\"column-4\">37,0<\/td>\n<\/tr>\n<tr class=\"row-3\">\n\t<td class=\"column-1\">GEN G210\/60Hz<\/td><td class=\"column-2\">M06-GTID41<\/td><td class=\"column-3\">210<\/td><td class=\"column-4\">39,5<\/td>\n<\/tr>\n<tr class=\"row-4\">\n\t<td class=\"column-1\">GEN G250\/60Hz<\/td><td class=\"column-2\">M06-GT2D41<\/td><td class=\"column-3\">250<\/td><td class=\"column-4\">40,3<\/td>\n<\/tr>\n<tr class=\"row-5\">\n\t<td class=\"column-1\">GEN G280\/60Hz<\/td><td class=\"column-2\">M08-GTID41<\/td><td class=\"column-3\">280<\/td><td class=\"column-4\">39,5<\/td>\n<\/tr>\n<tr class=\"row-6\">\n\t<td class=\"column-1\">GEN G333\/60Hz<\/td><td class=\"column-2\">M08-GT2D41<\/td><td class=\"column-3\">333<\/td><td class=\"column-4\">40,4<\/td>\n<\/tr>\n<tr class=\"row-7\">\n\t<td class=\"column-1\">GEN G420\/60Hz<\/td><td class=\"column-2\">M12-GTID41<\/td><td class=\"column-3\">420<\/td><td class=\"column-4\">39,6<\/td>\n<\/tr>\n<tr class=\"row-8\">\n\t<td class=\"column-1\">GEN G500\/60Hz<\/td><td class=\"column-2\">M12-GT2D41<\/td><td class=\"column-3\">500<\/td><td class=\"column-4\">40,5<\/td>\n<\/tr>\n<\/tbody>\n<\/table>\n\n<p><span style=\"color: #1d70b7;\"><strong>Biogas, 480 V, 60 Hz<\/strong><\/span><\/p>\n\n<table id=\"tablepress-58\" class=\"tablepress tablepress-id-58\">\n<thead>\n<tr class=\"row-1\">\n\t<th class=\"column-1\">ENERGIN\u00ae Typ<\/th><th class=\"column-2\">Motortyp<\/th><th class=\"column-3\">Elektrische Leistung \/ kW<\/th><th class=\"column-4\">Elektrischer Wirkungsgrad \/ %<\/th>\n<\/tr>\n<\/thead>\n<tbody class=\"row-striping row-hover\">\n<tr class=\"row-2\">\n\t<td class=\"column-1\">GEN B150\/60Hz<\/td><td class=\"column-2\">M06-BT0D41<\/td><td class=\"column-3\">150<\/td><td class=\"column-4\">37,8<\/td>\n<\/tr>\n<tr class=\"row-3\">\n\t<td class=\"column-1\">GEN B210\/60Hz<\/td><td class=\"column-2\">M06-BTID41<\/td><td class=\"column-3\">210<\/td><td class=\"column-4\">40,2<\/td>\n<\/tr>\n<tr class=\"row-4\">\n\t<td class=\"column-1\">GEN B250\/60Hz<\/td><td class=\"column-2\">M06-BT2D41<\/td><td class=\"column-3\">250<\/td><td class=\"column-4\">41,1<\/td>\n<\/tr>\n<tr class=\"row-5\">\n\t<td class=\"column-1\">GEN B280\/60Hz<\/td><td class=\"column-2\">M08-BTID41<\/td><td class=\"column-3\">280<\/td><td class=\"column-4\">40,2<\/td>\n<\/tr>\n<tr class=\"row-6\">\n\t<td class=\"column-1\">GEN B333\/60Hz<\/td><td class=\"column-2\">M08-BT2D41<\/td><td class=\"column-3\">333<\/td><td class=\"column-4\">41,2<\/td>\n<\/tr>\n<tr class=\"row-7\">\n\t<td class=\"column-1\">GEN B420\/60Hz<\/td><td class=\"column-2\">M12-BTID41<\/td><td class=\"column-3\">420<\/td><td class=\"column-4\">40,4<\/td>\n<\/tr>\n<tr class=\"row-8\">\n\t<td class=\"column-1\">GEN B500\/60Hz<\/td><td class=\"column-2\">M12-BT2D41<\/td><td class=\"column-3\">500<\/td><td class=\"column-4\">41,2<\/td>\n<\/tr>\n<\/tbody>\n<\/table>\n\n<p><span style=\"color: #1d70b7;\"><strong>Fl\u00fcssiggas, 480 V, 60 Hz<\/strong><\/span><\/p>\n\n<table id=\"tablepress-82\" class=\"tablepress tablepress-id-82\">\n<thead>\n<tr class=\"row-1\">\n\t<th class=\"column-1\">ENERGIN\u00ae Typ<\/th><th class=\"column-2\">Motortyp<\/th><th class=\"column-3\">Elektrische Leistung \/ kW<\/th><th class=\"column-4\">Elektrischer Wirkungsgrad \/ %<\/th>\n<\/tr>\n<\/thead>\n<tbody class=\"row-striping row-hover\">\n<tr class=\"row-2\">\n\t<td class=\"column-1\">GEN P130\/60Hz<\/td><td class=\"column-2\">M06-PT0D41<\/td><td class=\"column-3\">130<\/td><td class=\"column-4\">31,0<\/td>\n<\/tr>\n<tr class=\"row-3\">\n\t<td class=\"column-1\">GEN P173\/60Hz<\/td><td class=\"column-2\">M06-PTID41<\/td><td class=\"column-3\">173<\/td><td class=\"column-4\">33,5<\/td>\n<\/tr>\n<tr class=\"row-4\">\n\t<td class=\"column-1\">GEN P205\/60Hz<\/td><td class=\"column-2\">M06-PT2D41<\/td><td class=\"column-3\">205<\/td><td class=\"column-4\">34,3<\/td>\n<\/tr>\n<tr class=\"row-5\">\n\t<td class=\"column-1\">GEN P233\/60Hz<\/td><td class=\"column-2\">M08-PTID41<\/td><td class=\"column-3\">233<\/td><td class=\"column-4\">33,5<\/td>\n<\/tr>\n<tr class=\"row-6\">\n\t<td class=\"column-1\">GEN P260\/60Hz<\/td><td class=\"column-2\">M08-PT2D41<\/td><td class=\"column-3\">260<\/td><td class=\"column-4\">34,3<\/td>\n<\/tr>\n<tr class=\"row-7\">\n\t<td class=\"column-1\">GEN P350\/60Hz<\/td><td class=\"column-2\">M12-PTID41<\/td><td class=\"column-3\">350<\/td><td class=\"column-4\">33,6<\/td>\n<\/tr>\n<tr class=\"row-8\">\n\t<td class=\"column-1\">GEN P450\/60Hz<\/td><td class=\"column-2\">M12-PT2D41<\/td><td class=\"column-3\">450<\/td><td class=\"column-4\">34,5<\/td>\n<\/tr>\n<\/tbody>\n<\/table>\n\n<p><strong><span style=\"color: #1d70b7;\">Holzgas, 480 V, 60 Hz<\/span><\/strong><\/p>\n<p>\n<table id=\"tablepress-34\" class=\"tablepress tablepress-id-34\">\n<thead>\n<tr class=\"row-1\">\n\t<th class=\"column-1\">ENERGIN\u00ae Typ<\/th><th class=\"column-2\">Motortyp<\/th><th class=\"column-3\">Elektrische Leistung \/ kW<\/th><th class=\"column-4\">Elektrischer Wirkungsgrad \/ %<\/th>\n<\/tr>\n<\/thead>\n<tbody class=\"row-striping row-hover\">\n<tr class=\"row-2\">\n\t<td class=\"column-1\">GEN H140\/60Hz<\/td><td class=\"column-2\">M06-HT2D41<\/td><td class=\"column-3\">140<\/td><td class=\"column-4\">33,3<\/td>\n<\/tr>\n<tr class=\"row-3\">\n\t<td class=\"column-1\">GEN H180\/60Hz<\/td><td class=\"column-2\">M08-HT2D41<\/td><td class=\"column-3\">180<\/td><td class=\"column-4\">33,4<\/td>\n<\/tr>\n<tr class=\"row-4\">\n\t<td class=\"column-1\">GEN H275\/60Hz<\/td><td class=\"column-2\">M12-HT2D41<\/td><td class=\"column-3\">275<\/td><td class=\"column-4\">33,5<\/td>\n<\/tr>\n<\/tbody>\n<\/table>\n[\/vc_column_text]<\/div>  <\/div>  <\/div><\/section>\n","protected":false},"excerpt":{"rendered":"ENERGIN\u00ae GENENERGIN\u00ae GEN Aggregate sind gasbetriebene Stromerzeuger f\u00fcr den Inselbetrieb oder optional f\u00fcr den Parallelbetrieb mit dem \u00f6ffentlichen Netz oder anderen Generatoren. Die wesentlichen Merkmale sind: Elektrische Leistung\u00a0115 - 500 kW Bis zu\u00a042,7\u00a0%\u00a0elektr. Wirkungsgrad Externer K\u00fchler Einfach zu installieren Brennstoffvarianten: Erdgas, Biogas, Holzgas,\u00a0Sondergase \u00a0 \u00a0 \u00a0 \u00a0 \u00a0Download Flyer:\u00a0ENERGIN\u00ae GEN\u00a0| 50 Hz \u00a0 \u00a0 \u00a0 [...]","protected":false},"author":1,"featured_media":0,"parent":1951,"menu_order":0,"comment_status":"closed","ping_status":"closed","template":"","meta":{"footnotes":""},"yst_prominent_words":[628,622,617,631,620,616,624,623,634,626,618,108,633,625,718,632,627,621,630,619],"_links":{"self":[{"href":"https:\/\/www.schmitt-enertec.com\/de\/wp-json\/wp\/v2\/pages\/2678"}],"collection":[{"href":"https:\/\/www.schmitt-enertec.com\/de\/wp-json\/wp\/v2\/pages"}],"about":[{"href":"https:\/\/www.schmitt-enertec.com\/de\/wp-json\/wp\/v2\/types\/page"}],"author":[{"embeddable":true,"href":"https:\/\/www.schmitt-enertec.com\/de\/wp-json\/wp\/v2\/users\/1"}],"replies":[{"embeddable":true,"href":"https:\/\/www.schmitt-enertec.com\/de\/wp-json\/wp\/v2\/comments?post=2678"}],"version-history":[{"count":4,"href":"https:\/\/www.schmitt-enertec.com\/de\/wp-json\/wp\/v2\/pages\/2678\/revisions"}],"predecessor-version":[{"id":7728,"href":"https:\/\/www.schmitt-enertec.com\/de\/wp-json\/wp\/v2\/pages\/2678\/revisions\/7728"}],"up":[{"embeddable":true,"href":"https:\/\/www.schmitt-enertec.com\/de\/wp-json\/wp\/v2\/pages\/1951"}],"wp:attachment":[{"href":"https:\/\/www.schmitt-enertec.com\/de\/wp-json\/wp\/v2\/media?parent=2678"}],"wp:term":[{"taxonomy":"yst_prominent_words","embeddable":true,"href":"https:\/\/www.schmitt-enertec.com\/de\/wp-json\/wp\/v2\/yst_prominent_words?post=2678"}],"curies":[{"name":"wp","href":"https:\/\/api.w.org\/{rel}","templated":true}]}}